{"id":162,"date":"2023-12-12T15:46:29","date_gmt":"2023-12-12T14:46:29","guid":{"rendered":"http:\/\/www.osk-malibu.pl\/?page_id=162"},"modified":"2026-04-22T05:59:45","modified_gmt":"2026-04-22T03:59:45","slug":"cennik","status":"publish","type":"page","link":"https:\/\/www.osk-malibu.pl\/?page_id=162","title":{"rendered":"Cennik"},"content":{"rendered":"\t\t<div data-elementor-type=\"wp-page\" data-elementor-id=\"162\" class=\"elementor elementor-162\" data-elementor-settings=\"[]\">\n\t\t\t\t\t\t\t<div class=\"elementor-section-wrap\">\n\t\t\t\t\t\t\t<section class=\"elementor-section elementor-top-section elementor-element elementor-element-fd4f1f6 elementor-section-boxed elementor-section-height-default elementor-section-height-default\" data-id=\"fd4f1f6\" data-element_type=\"section\">\n\t\t\t\t\t\t<div class=\"elementor-container elementor-column-gap-default\">\n\t\t\t\t\t<div class=\"elementor-column elementor-col-100 elementor-top-column elementor-element elementor-element-3249cde\" data-id=\"3249cde\" data-element_type=\"column\">\n\t\t\t<div class=\"elementor-widget-wrap elementor-element-populated\">\n\t\t\t\t\t\t\t\t<div class=\"elementor-element elementor-element-3741bbf elementor-widget elementor-widget-heading\" data-id=\"3741bbf\" data-element_type=\"widget\" data-widget_type=\"heading.default\">\n\t\t\t\t<div class=\"elementor-widget-container\">\n\t\t\t<h2 class=\"elementor-heading-title elementor-size-default\">cennik<\/h2>\t\t<\/div>\n\t\t\t\t<\/div>\n\t\t\t\t\t<\/div>\n\t\t<\/div>\n\t\t\t\t\t\t\t<\/div>\n\t\t<\/section>\n\t\t\t\t<section class=\"elementor-section elementor-top-section elementor-element elementor-element-2e86fe5 elementor-section-boxed elementor-section-height-default elementor-section-height-default\" data-id=\"2e86fe5\" data-element_type=\"section\">\n\t\t\t\t\t\t<div class=\"elementor-container elementor-column-gap-default\">\n\t\t\t\t\t<div class=\"elementor-column elementor-col-100 elementor-top-column elementor-element elementor-element-b329015\" data-id=\"b329015\" data-element_type=\"column\">\n\t\t\t<div class=\"elementor-widget-wrap elementor-element-populated\">\n\t\t\t\t\t\t\t\t<div class=\"elementor-element elementor-element-2562ed7 elementor-widget elementor-widget-text-editor\" data-id=\"2562ed7\" data-element_type=\"widget\" data-widget_type=\"text-editor.default\">\n\t\t\t\t<div class=\"elementor-widget-container\">\n\t\t\t\t\t\t\t\t<p>Kurs podstawowy kat. B<br \/>dzienny, weekendowy &#8211; 5000 z\u0142<\/p><p>expresowy &#8211; 5500 z\u0142<\/p><p>Jazdy doszkalaj\u0105ce kat. B :<\/p><p>1 godz. &#8211; 170 z\u0142<br \/>6 godz. &#8211; 990 z\u0142<br \/>10 godz. &#8211; 1600 z\u0142<\/p><p>Jazdy doszkalaj\u0105ce weekendowe kat. B :<br \/>1 godz. &#8211; 190 z\u0142<\/p>\t\t\t\t\t\t<\/div>\n\t\t\t\t<\/div>\n\t\t\t\t\t<\/div>\n\t\t<\/div>\n\t\t\t\t\t\t\t<\/div>\n\t\t<\/section>\n\t\t\t\t\t\t<\/div>\n\t\t\t\t\t<\/div>\n\t\t","protected":false},"excerpt":{"rendered":"<p>cennik Kurs podstawowy kat. Bdzienny, weekendowy &#8211; 5000 z\u0142 expresowy &#8211; 5500 z\u0142 Jazdy doszkalaj\u0105ce kat. B : 1 godz. &#8211; 170 z\u01426 godz. &#8211; 990 z\u014210 godz. &#8211; 1600 z\u0142 Jazdy doszkalaj\u0105ce weekendowe kat. B :1 godz. &#8211; 190 z\u0142<\/p>\n","protected":false},"author":1,"featured_media":0,"parent":0,"menu_order":0,"comment_status":"closed","ping_status":"closed","template":"elementor_header_footer","meta":{"footnotes":""},"class_list":["post-162","page","type-page","status-publish","hentry"],"_links":{"self":[{"href":"https:\/\/www.osk-malibu.pl\/index.php?rest_route=\/wp\/v2\/pages\/162","targetHints":{"allow":["GET"]}}],"collection":[{"href":"https:\/\/www.osk-malibu.pl\/index.php?rest_route=\/wp\/v2\/pages"}],"about":[{"href":"https:\/\/www.osk-malibu.pl\/index.php?rest_route=\/wp\/v2\/types\/page"}],"author":[{"embeddable":true,"href":"https:\/\/www.osk-malibu.pl\/index.php?rest_route=\/wp\/v2\/users\/1"}],"replies":[{"embeddable":true,"href":"https:\/\/www.osk-malibu.pl\/index.php?rest_route=%2Fwp%2Fv2%2Fcomments&post=162"}],"version-history":[{"count":46,"href":"https:\/\/www.osk-malibu.pl\/index.php?rest_route=\/wp\/v2\/pages\/162\/revisions"}],"predecessor-version":[{"id":443,"href":"https:\/\/www.osk-malibu.pl\/index.php?rest_route=\/wp\/v2\/pages\/162\/revisions\/443"}],"wp:attachment":[{"href":"https:\/\/www.osk-malibu.pl\/index.php?rest_route=%2Fwp%2Fv2%2Fmedia&parent=162"}],"curies":[{"name":"wp","href":"https:\/\/api.w.org\/{rel}","templated":true}]}}