{"id":254,"date":"2024-10-08T12:32:12","date_gmt":"2024-10-08T10:32:12","guid":{"rendered":"http:\/\/www.osk-malibu.pl\/?page_id=254"},"modified":"2025-12-28T17:47:31","modified_gmt":"2025-12-28T16:47:31","slug":"informacje","status":"publish","type":"page","link":"https:\/\/www.osk-malibu.pl\/?page_id=254","title":{"rendered":"informacje"},"content":{"rendered":"\t\t<div data-elementor-type=\"wp-page\" data-elementor-id=\"254\" class=\"elementor elementor-254\" data-elementor-settings=\"[]\">\n\t\t\t\t\t\t\t<div class=\"elementor-section-wrap\">\n\t\t\t\t\t\t\t<section class=\"elementor-section elementor-top-section elementor-element elementor-element-332b24b elementor-section-boxed elementor-section-height-default elementor-section-height-default\" data-id=\"332b24b\" data-element_type=\"section\">\n\t\t\t\t\t\t<div class=\"elementor-container elementor-column-gap-default\">\n\t\t\t\t\t<div class=\"elementor-column elementor-col-100 elementor-top-column elementor-element elementor-element-76a954c\" data-id=\"76a954c\" data-element_type=\"column\">\n\t\t\t<div class=\"elementor-widget-wrap elementor-element-populated\">\n\t\t\t\t\t\t\t\t<div class=\"elementor-element elementor-element-a6afe5c elementor-widget elementor-widget-text-editor\" data-id=\"a6afe5c\" data-element_type=\"widget\" data-widget_type=\"text-editor.default\">\n\t\t\t\t<div class=\"elementor-widget-container\">\n\t\t\t\t\t\t\t\t<p>Wsp\u00f3\u0142praca z lekarzem badaj\u0105cym kierowc\u00f3w w siedzibie OSK<\/p><p>Badania lekarskie na kursie.<\/p><p>ch\u0119tni proszeni o kontakt telefoniczny lub e-mail<\/p>\t\t\t\t\t\t<\/div>\n\t\t\t\t<\/div>\n\t\t\t\t<div class=\"elementor-element elementor-element-f0d1700 elementor-widget elementor-widget-text-editor\" data-id=\"f0d1700\" data-element_type=\"widget\" data-widget_type=\"text-editor.default\">\n\t\t\t\t<div class=\"elementor-widget-container\">\n\t\t\t\t\t\t\t\t<p>Jest mo\u017cliwo\u015b\u0107 nabycia voucher\u00f3w okoliczno\u015bciowych:<\/p>\t\t\t\t\t\t<\/div>\n\t\t\t\t<\/div>\n\t\t\t\t\t<\/div>\n\t\t<\/div>\n\t\t\t\t\t\t\t<\/div>\n\t\t<\/section>\n\t\t\t\t<section class=\"elementor-section elementor-top-section elementor-element elementor-element-1604b3b elementor-section-boxed elementor-section-height-default elementor-section-height-default\" data-id=\"1604b3b\" data-element_type=\"section\">\n\t\t\t\t\t\t<div class=\"elementor-container elementor-column-gap-default\">\n\t\t\t\t\t<div class=\"elementor-column elementor-col-50 elementor-top-column elementor-element elementor-element-b824dc0\" data-id=\"b824dc0\" data-element_type=\"column\">\n\t\t\t<div class=\"elementor-widget-wrap elementor-element-populated\">\n\t\t\t\t\t\t\t\t<div class=\"elementor-element elementor-element-c1fd3eb elementor-widget elementor-widget-image\" data-id=\"c1fd3eb\" data-element_type=\"widget\" data-widget_type=\"image.default\">\n\t\t\t\t<div class=\"elementor-widget-container\">\n\t\t\t\t\t\t\t\t\t\t\t\t\t\t\t<img loading=\"lazy\" decoding=\"async\" width=\"855\" height=\"603\" src=\"https:\/\/www.osk-malibu.pl\/wp-content\/uploads\/2025\/12\/voucher_swieta.png\" class=\"attachment-large size-large\" alt=\"\" srcset=\"https:\/\/www.osk-malibu.pl\/wp-content\/uploads\/2025\/12\/voucher_swieta.png 855w, https:\/\/www.osk-malibu.pl\/wp-content\/uploads\/2025\/12\/voucher_swieta-300x212.png 300w, https:\/\/www.osk-malibu.pl\/wp-content\/uploads\/2025\/12\/voucher_swieta-768x542.png 768w\" sizes=\"auto, (max-width: 855px) 100vw, 855px\" \/>\t\t\t\t\t\t\t\t\t\t\t\t\t\t\t<\/div>\n\t\t\t\t<\/div>\n\t\t\t\t\t<\/div>\n\t\t<\/div>\n\t\t\t\t<div class=\"elementor-column elementor-col-50 elementor-top-column elementor-element elementor-element-4cdac9c\" data-id=\"4cdac9c\" data-element_type=\"column\">\n\t\t\t<div class=\"elementor-widget-wrap elementor-element-populated\">\n\t\t\t\t\t\t\t\t<div class=\"elementor-element elementor-element-4cd18af elementor-widget elementor-widget-image\" data-id=\"4cd18af\" data-element_type=\"widget\" data-widget_type=\"image.default\">\n\t\t\t\t<div class=\"elementor-widget-container\">\n\t\t\t\t\t\t\t\t\t\t\t\t\t\t\t<img loading=\"lazy\" decoding=\"async\" width=\"536\" height=\"380\" src=\"https:\/\/www.osk-malibu.pl\/wp-content\/uploads\/2025\/02\/voucher_oskmalibu12.jpg\" class=\"attachment-large size-large\" alt=\"\" srcset=\"https:\/\/www.osk-malibu.pl\/wp-content\/uploads\/2025\/02\/voucher_oskmalibu12.jpg 536w, https:\/\/www.osk-malibu.pl\/wp-content\/uploads\/2025\/02\/voucher_oskmalibu12-300x213.jpg 300w\" sizes=\"auto, (max-width: 536px) 100vw, 536px\" \/>\t\t\t\t\t\t\t\t\t\t\t\t\t\t\t<\/div>\n\t\t\t\t<\/div>\n\t\t\t\t\t<\/div>\n\t\t<\/div>\n\t\t\t\t\t\t\t<\/div>\n\t\t<\/section>\n\t\t\t\t<section class=\"elementor-section elementor-top-section elementor-element elementor-element-c84b581 elementor-section-boxed elementor-section-height-default elementor-section-height-default\" data-id=\"c84b581\" data-element_type=\"section\">\n\t\t\t\t\t\t<div class=\"elementor-container elementor-column-gap-default\">\n\t\t\t\t\t<div class=\"elementor-column elementor-col-50 elementor-top-column elementor-element elementor-element-7b38643\" data-id=\"7b38643\" data-element_type=\"column\">\n\t\t\t<div class=\"elementor-widget-wrap elementor-element-populated\">\n\t\t\t\t\t\t\t\t<div class=\"elementor-element elementor-element-1f8751a elementor-widget elementor-widget-image\" data-id=\"1f8751a\" data-element_type=\"widget\" data-widget_type=\"image.default\">\n\t\t\t\t<div class=\"elementor-widget-container\">\n\t\t\t\t\t\t\t\t\t\t\t\t\t\t\t<img loading=\"lazy\" decoding=\"async\" width=\"533\" height=\"369\" src=\"https:\/\/www.osk-malibu.pl\/wp-content\/uploads\/2025\/02\/voucher_oskmalibu32.jpg\" class=\"attachment-large size-large\" alt=\"\" srcset=\"https:\/\/www.osk-malibu.pl\/wp-content\/uploads\/2025\/02\/voucher_oskmalibu32.jpg 533w, https:\/\/www.osk-malibu.pl\/wp-content\/uploads\/2025\/02\/voucher_oskmalibu32-300x208.jpg 300w\" sizes=\"auto, (max-width: 533px) 100vw, 533px\" \/>\t\t\t\t\t\t\t\t\t\t\t\t\t\t\t<\/div>\n\t\t\t\t<\/div>\n\t\t\t\t\t<\/div>\n\t\t<\/div>\n\t\t\t\t<div class=\"elementor-column elementor-col-50 elementor-top-column elementor-element elementor-element-b568e80\" data-id=\"b568e80\" data-element_type=\"column\">\n\t\t\t<div class=\"elementor-widget-wrap elementor-element-populated\">\n\t\t\t\t\t\t\t\t<div class=\"elementor-element elementor-element-92179c7 elementor-widget elementor-widget-image\" data-id=\"92179c7\" data-element_type=\"widget\" data-widget_type=\"image.default\">\n\t\t\t\t<div class=\"elementor-widget-container\">\n\t\t\t\t\t\t\t\t\t\t\t\t\t\t\t<img loading=\"lazy\" decoding=\"async\" width=\"801\" height=\"558\" src=\"https:\/\/www.osk-malibu.pl\/wp-content\/uploads\/2025\/02\/voucher_oskmalibu22.jpg\" class=\"attachment-large size-large\" alt=\"\" srcset=\"https:\/\/www.osk-malibu.pl\/wp-content\/uploads\/2025\/02\/voucher_oskmalibu22.jpg 801w, https:\/\/www.osk-malibu.pl\/wp-content\/uploads\/2025\/02\/voucher_oskmalibu22-300x209.jpg 300w, https:\/\/www.osk-malibu.pl\/wp-content\/uploads\/2025\/02\/voucher_oskmalibu22-768x535.jpg 768w\" sizes=\"auto, (max-width: 801px) 100vw, 801px\" \/>\t\t\t\t\t\t\t\t\t\t\t\t\t\t\t<\/div>\n\t\t\t\t<\/div>\n\t\t\t\t\t<\/div>\n\t\t<\/div>\n\t\t\t\t\t\t\t<\/div>\n\t\t<\/section>\n\t\t\t\t\t\t<\/div>\n\t\t\t\t\t<\/div>\n\t\t","protected":false},"excerpt":{"rendered":"<p>Wsp\u00f3\u0142praca z lekarzem badaj\u0105cym kierowc\u00f3w w siedzibie OSK Badania lekarskie na kursie. ch\u0119tni proszeni o kontakt telefoniczny lub e-mail Jest mo\u017cliwo\u015b\u0107 nabycia voucher\u00f3w okoliczno\u015bciowych:<\/p>\n","protected":false},"author":1,"featured_media":0,"parent":0,"menu_order":0,"comment_status":"closed","ping_status":"closed","template":"elementor_header_footer","meta":{"footnotes":""},"class_list":["post-254","page","type-page","status-publish","hentry"],"_links":{"self":[{"href":"https:\/\/www.osk-malibu.pl\/index.php?rest_route=\/wp\/v2\/pages\/254","targetHints":{"allow":["GET"]}}],"collection":[{"href":"https:\/\/www.osk-malibu.pl\/index.php?rest_route=\/wp\/v2\/pages"}],"about":[{"href":"https:\/\/www.osk-malibu.pl\/index.php?rest_route=\/wp\/v2\/types\/page"}],"author":[{"embeddable":true,"href":"https:\/\/www.osk-malibu.pl\/index.php?rest_route=\/wp\/v2\/users\/1"}],"replies":[{"embeddable":true,"href":"https:\/\/www.osk-malibu.pl\/index.php?rest_route=%2Fwp%2Fv2%2Fcomments&post=254"}],"version-history":[{"count":28,"href":"https:\/\/www.osk-malibu.pl\/index.php?rest_route=\/wp\/v2\/pages\/254\/revisions"}],"predecessor-version":[{"id":429,"href":"https:\/\/www.osk-malibu.pl\/index.php?rest_route=\/wp\/v2\/pages\/254\/revisions\/429"}],"wp:attachment":[{"href":"https:\/\/www.osk-malibu.pl\/index.php?rest_route=%2Fwp%2Fv2%2Fmedia&parent=254"}],"curies":[{"name":"wp","href":"https:\/\/api.w.org\/{rel}","templated":true}]}}