{"id":383,"date":"2025-07-14T06:41:11","date_gmt":"2025-07-14T04:41:11","guid":{"rendered":"http:\/\/www.osk-malibu.pl\/?page_id=383"},"modified":"2025-07-14T06:49:37","modified_gmt":"2025-07-14T04:49:37","slug":"standardy-ochrony-maloletnich","status":"publish","type":"page","link":"https:\/\/www.osk-malibu.pl\/?page_id=383","title":{"rendered":"Standardy Ochrony Ma\u0142oletnich"},"content":{"rendered":"\t\t<div data-elementor-type=\"wp-page\" data-elementor-id=\"383\" class=\"elementor elementor-383\" data-elementor-settings=\"[]\">\n\t\t\t\t\t\t\t<div class=\"elementor-section-wrap\">\n\t\t\t\t\t\t\t<section class=\"elementor-section elementor-top-section elementor-element elementor-element-02655f5 elementor-section-boxed elementor-section-height-default elementor-section-height-default\" data-id=\"02655f5\" data-element_type=\"section\">\n\t\t\t\t\t\t<div class=\"elementor-container elementor-column-gap-default\">\n\t\t\t\t\t<div class=\"elementor-column elementor-col-100 elementor-top-column elementor-element elementor-element-a44e7fc\" data-id=\"a44e7fc\" data-element_type=\"column\">\n\t\t\t<div class=\"elementor-widget-wrap elementor-element-populated\">\n\t\t\t\t\t\t\t\t<div class=\"elementor-element elementor-element-0c85e15 elementor-widget elementor-widget-heading\" data-id=\"0c85e15\" data-element_type=\"widget\" data-widget_type=\"heading.default\">\n\t\t\t\t<div class=\"elementor-widget-container\">\n\t\t\t<h1 class=\"elementor-heading-title elementor-size-default\">STANDARDY OCHRONY MA\u0141OLETNICH\nw O\u015brodku Szkolenia Kierowc\u00f3w\nOSK MALIBU \u2013 Krzysztof Kazana<\/h1>\t\t<\/div>\n\t\t\t\t<\/div>\n\t\t\t\t\t<\/div>\n\t\t<\/div>\n\t\t\t\t\t\t\t<\/div>\n\t\t<\/section>\n\t\t\t\t<section class=\"elementor-section elementor-top-section elementor-element elementor-element-f517484 elementor-section-boxed elementor-section-height-default elementor-section-height-default\" data-id=\"f517484\" data-element_type=\"section\">\n\t\t\t\t\t\t<div class=\"elementor-container elementor-column-gap-default\">\n\t\t\t\t\t<div class=\"elementor-column elementor-col-100 elementor-top-column elementor-element elementor-element-687c0a5\" data-id=\"687c0a5\" data-element_type=\"column\">\n\t\t\t<div class=\"elementor-widget-wrap elementor-element-populated\">\n\t\t\t\t\t\t\t\t<div class=\"elementor-element elementor-element-f77f84d elementor-widget elementor-widget-text-editor\" data-id=\"f77f84d\" data-element_type=\"widget\" data-widget_type=\"text-editor.default\">\n\t\t\t\t<div class=\"elementor-widget-container\">\n\t\t\t\t\t\t\t\t<p><br \/><strong>1. Cel i zakres dokumentu<\/strong><br \/>Niniejszy dokument okre\u015bla zasady ochrony ma\u0142oletnich przed krzywdzeniem oraz wyznacza standardy bezpiecznego \u015brodowiska edukacyjnego w OSK MALIBU \u2013 Krzysztof Kazana. Celem jest zapobieganie sytuacjom mog\u0105cym prowadzi\u0107 do przemocy fizycznej, psychicznej, seksualnej lub zaniedbania wobec os\u00f3b niepe\u0142noletnich ucz\u0119szczaj\u0105cych na kursy prawa jazdy.<br \/><br \/><strong>2. Definicje<\/strong><br \/>&#8211; Ma\u0142oletni \u2013 osoba, kt\u00f3ra nie uko\u0144czy\u0142a 18 roku \u017cycia.<br \/>&#8211; Krzywdzenie ma\u0142oletniego \u2013 ka\u017cde dzia\u0142anie lub zaniechanie prowadz\u0105ce do naruszenia godno\u015bci, zdrowia fizycznego lub psychicznego dziecka.<br \/>&#8211; Personel OSK \u2013 w\u0142a\u015bciciel, instruktorzy nauki jazdy, pracownicy administracyjni.<br \/><br \/><strong>3. Zasady kontaktu z ma\u0142oletnimi<\/strong><br \/>1. Wszelki kontakt z ma\u0142oletnim uczestnikiem kursu powinien odbywa\u0107 si\u0119 z poszanowaniem jego godno\u015bci, prywatno\u015bci i bezpiecze\u0144stwa.<br \/>2. Instruktorzy zobowi\u0105zani s\u0105 do prowadzenia zaj\u0119\u0107 w spos\u00f3b profesjonalny i adekwatny do wieku oraz dojrza\u0142o\u015bci uczestnika.<br \/>3. Nie dopuszcza si\u0119:<br \/>&#8211; prowadzenia jazd z ma\u0142oletnim w godzinach nocnych bez zgody rodzica\/opiekuna,<br \/>&#8211; kontakt\u00f3w prywatnych poza godzinami zaj\u0119\u0107 (w tym w mediach spo\u0142eczno\u015bciowych),<br \/>&#8211; u\u017cywania wulgarnego j\u0119zyka, przemocy s\u0142ownej, gr\u00f3\u017ab lub zastraszania,<br \/>&#8211; jakichkolwiek zachowa\u0144 o podtek\u015bcie seksualnym.<br \/><br \/><strong>4. Zasady bezpiecznej organizacji zaj\u0119\u0107<\/strong><br \/>1. Zaj\u0119cia teoretyczne i praktyczne odbywaj\u0105 si\u0119 w ustalonych godzinach i w obecno\u015bci co najmniej jednego instruktora.<br \/>2. Ma\u0142oletni uczestnik jazdy powinien mie\u0107 zgod\u0119 rodzica lub opiekuna prawnego na udzia\u0142 w kursie, potwierdzon\u0105 pisemnie.<br \/>3. Samochody szkoleniowe powinny by\u0107 wyposa\u017cone w monitoring (je\u015bli jest to mo\u017cliwe), lub ka\u017cda jazda ma by\u0107 odpowiednio udokumentowana (data, godzina, trasa).<br \/><br \/><strong>5. Obowi\u0105zek reagowania<\/strong><br \/>1. Ka\u017cdy pracownik OSK ma obowi\u0105zek niezw\u0142ocznie zg\u0142osi\u0107 podejrzenie krzywdzenia ma\u0142oletniego w\u0142a\u015bcicielowi o\u015brodka oraz odpowiednim s\u0142u\u017cbom (policja, MOPS, s\u0105d rodzinny).<br \/>2. Prowadzone s\u0105 rejestry zg\u0142osze\u0144 i interwencji \u2013 z zachowaniem zasad poufno\u015bci i ochrony danych osobowych.<br \/><br \/><strong>6. Weryfikacja personelu<\/strong><br \/>1. Ka\u017cdy instruktor lub osoba maj\u0105ca kontakt z ma\u0142oletnimi zobowi\u0105zana jest do przed\u0142o\u017cenia za\u015bwiadczenia o niekaralno\u015bci oraz informacji z Rejestru Sprawc\u00f3w Przest\u0119pstw na Tle Seksualnym.<br \/>2. OSK Malibu nie zatrudnia os\u00f3b widniej\u0105cych w rejestrach os\u00f3b skazanych za przest\u0119pstwa przeciwko wolno\u015bci seksualnej i obyczajno\u015bci lub przest\u0119pstwa wobec dzieci.<br \/><br \/><strong>7. Edukacja i podnoszenie \u015bwiadomo\u015bci<\/strong><br \/>1. Instruktorzy oraz pracownicy s\u0105 szkoleni w zakresie ochrony ma\u0142oletnich i rozpoznawania oznak krzywdzenia.<br \/>2. Kursanci oraz ich opiekunowie otrzymuj\u0105 informacje dotycz\u0105ce procedur zg\u0142aszania nieprawid\u0142owo\u015bci.<br \/><br \/><strong>8. Polityka prywatno\u015bci i wizerunku<\/strong><br \/>1. Nie wolno rozpowszechnia\u0107 zdj\u0119\u0107, nagra\u0144 ani danych osobowych ma\u0142oletnich bez pisemnej zgody opiekuna prawnego.<br \/>2. Dane osobowe przetwarzane s\u0105 zgodnie z RODO i wy\u0142\u0105cznie w zakresie niezb\u0119dnym do realizacji kursu.<br \/><br \/><strong>9. Osoba odpowiedzialna za ochron\u0119 ma\u0142oletnich<\/strong><br \/>Za wdra\u017canie i nadz\u00f3r nad realizacj\u0105 Standard\u00f3w Ochrony Ma\u0142oletnich odpowiada w\u0142a\u015bciciel OSK Malibu \u2013 Krzysztof Kazana, tel. [tu wpisz numer], e-mail: [tu wpisz adres e-mail].<br \/><br \/><strong>10. Postanowienia ko\u0144cowe<\/strong><br \/>1. Standardy obowi\u0105zuj\u0105 wszystkich pracownik\u00f3w OSK oraz osoby wsp\u00f3\u0142pracuj\u0105ce.<br \/>2. Dokument jest dost\u0119pny w siedzibie o\u015brodka oraz na stronie internetowej (je\u015bli istnieje).<br \/>3. Standardy podlegaj\u0105 corocznej aktualizacji.<\/p>\t\t\t\t\t\t<\/div>\n\t\t\t\t<\/div>\n\t\t\t\t\t<\/div>\n\t\t<\/div>\n\t\t\t\t\t\t\t<\/div>\n\t\t<\/section>\n\t\t\t\t\t\t<\/div>\n\t\t\t\t\t<\/div>\n\t\t","protected":false},"excerpt":{"rendered":"<p>STANDARDY OCHRONY MA\u0141OLETNICH w O\u015brodku Szkolenia Kierowc\u00f3w OSK MALIBU \u2013 Krzysztof Kazana 1. Cel i zakres dokumentuNiniejszy dokument okre\u015bla zasady ochrony ma\u0142oletnich przed krzywdzeniem oraz wyznacza standardy bezpiecznego \u015brodowiska edukacyjnego w OSK MALIBU \u2013 Krzysztof Kazana. Celem jest zapobieganie sytuacjom mog\u0105cym prowadzi\u0107 do przemocy fizycznej,&hellip;<\/p>\n","protected":false},"author":1,"featured_media":0,"parent":0,"menu_order":0,"comment_status":"closed","ping_status":"closed","template":"elementor_header_footer","meta":{"footnotes":""},"class_list":["post-383","page","type-page","status-publish","hentry"],"_links":{"self":[{"href":"https:\/\/www.osk-malibu.pl\/index.php?rest_route=\/wp\/v2\/pages\/383","targetHints":{"allow":["GET"]}}],"collection":[{"href":"https:\/\/www.osk-malibu.pl\/index.php?rest_route=\/wp\/v2\/pages"}],"about":[{"href":"https:\/\/www.osk-malibu.pl\/index.php?rest_route=\/wp\/v2\/types\/page"}],"author":[{"embeddable":true,"href":"https:\/\/www.osk-malibu.pl\/index.php?rest_route=\/wp\/v2\/users\/1"}],"replies":[{"embeddable":true,"href":"https:\/\/www.osk-malibu.pl\/index.php?rest_route=%2Fwp%2Fv2%2Fcomments&post=383"}],"version-history":[{"count":7,"href":"https:\/\/www.osk-malibu.pl\/index.php?rest_route=\/wp\/v2\/pages\/383\/revisions"}],"predecessor-version":[{"id":391,"href":"https:\/\/www.osk-malibu.pl\/index.php?rest_route=\/wp\/v2\/pages\/383\/revisions\/391"}],"wp:attachment":[{"href":"https:\/\/www.osk-malibu.pl\/index.php?rest_route=%2Fwp%2Fv2%2Fmedia&parent=383"}],"curies":[{"name":"wp","href":"https:\/\/api.w.org\/{rel}","templated":true}]}}