{"id":60,"date":"2023-11-18T15:26:42","date_gmt":"2023-11-18T14:26:42","guid":{"rendered":"http:\/\/www.osk-malibu.pl\/?page_id=60"},"modified":"2023-11-18T15:33:04","modified_gmt":"2023-11-18T14:33:04","slug":"zapisy","status":"publish","type":"page","link":"https:\/\/www.osk-malibu.pl\/?page_id=60","title":{"rendered":"Zapisy"},"content":{"rendered":"\t\t<div data-elementor-type=\"wp-page\" data-elementor-id=\"60\" class=\"elementor elementor-60\" data-elementor-settings=\"[]\">\n\t\t\t\t\t\t\t<div class=\"elementor-section-wrap\">\n\t\t\t\t\t\t\t<section class=\"elementor-section elementor-top-section elementor-element elementor-element-99ddce1 elementor-section-boxed elementor-section-height-default elementor-section-height-default\" data-id=\"99ddce1\" data-element_type=\"section\" data-settings=\"{&quot;background_background&quot;:&quot;classic&quot;}\">\n\t\t\t\t\t\t<div class=\"elementor-container elementor-column-gap-default\">\n\t\t\t\t\t<div class=\"elementor-column elementor-col-100 elementor-top-column elementor-element elementor-element-becb470\" data-id=\"becb470\" data-element_type=\"column\">\n\t\t\t<div class=\"elementor-widget-wrap elementor-element-populated\">\n\t\t\t\t\t\t\t\t<div class=\"elementor-element elementor-element-4612331 elementor-widget elementor-widget-image\" data-id=\"4612331\" data-element_type=\"widget\" data-widget_type=\"image.default\">\n\t\t\t\t<div class=\"elementor-widget-container\">\n\t\t\t\t\t\t\t\t\t\t\t\t\t\t\t<img loading=\"lazy\" decoding=\"async\" width=\"300\" height=\"145\" src=\"https:\/\/www.osk-malibu.pl\/wp-content\/uploads\/2023\/11\/auto_small.png\" class=\"attachment-large size-large\" alt=\"\" \/>\t\t\t\t\t\t\t\t\t\t\t\t\t\t\t<\/div>\n\t\t\t\t<\/div>\n\t\t\t\t<div class=\"elementor-element elementor-element-904af76 elementor-widget elementor-widget-text-editor\" data-id=\"904af76\" data-element_type=\"widget\" data-widget_type=\"text-editor.default\">\n\t\t\t\t<div class=\"elementor-widget-container\">\n\t\t\t\t\t\t\t\t<p align=\"center\"><span style=\"color: #000000;\"><span style=\"font-size: large;\"><b>JAK ZAPISA\u0106 SI\u0118 NA KURS :<\/b><\/span><\/span><\/p><p><span style=\"color: #000000;\">Zgodnie z nowymi przepisami, kt\u00f3re wesz\u0142y w \u017cycie dnia\u00a019 stycznia 2013 r.\u00a0kursant przed rozpocz\u0119ciem kursu jest zobowi\u0105zany uzyska\u0107\u00a0<\/span><span style=\"color: #000000;\"><b>numer\u00a0PKK.<\/b><\/span><\/p><p><span style=\"color: #000000;\">\u00a0<\/span><\/p><p><span style=\"color: #000000;\">\u00a0W celu zdobycia tego numeru musisz uda\u0107 si\u0119 do\u00a0<\/span><span style=\"color: #000000;\"><b>w\u0142a\u015bciwego dla Twojego miejsca\u00a0zameldowania<\/b><\/span><span style=\"color: #000000;\">, urz\u0119du\u00a0i w\u00a0wydziale komunikacji\u00a0z\u0142o\u017cy\u0107 nast\u0119puj\u0105ce dokumenty:\u00a0<br \/><br \/><\/span><\/p><ul><li><span style=\"color: #000000;\">dow\u00f3d osobisty lub paszport \u00a0&#8211; dla stwierdzenia to\u017csamo\u015bci;<\/span><\/li><li><span style=\"color: #000000;\">zgod\u0119 rodzic\u00f3w\/opiekun\u00f3w w przypadku gdy jeszcze nie osi\u0105gn\u0105\u0142e\u015b pe\u0142noletno\u015bci<\/span><\/li><li><span style=\"color: #000000;\">wype\u0142niony wniosek o wydanie numeru PKK (powiniene\u015b otrzyma\u0107 go w urz\u0119dzie)<\/span><\/li><li><span style=\"color: #000000;\">orzeczenie lekarskie<\/span><\/li><li><span style=\"color: #000000;\">kolorow\u0105\u00a0fotografi\u0119\u00a0o\u00a0wymiarach\u00a035 \u00d7 45mm\u00a0<\/span><\/li><\/ul><p><span style=\"color: #000000;\">\u00a0<\/span><\/p><p><span style=\"color: #000000;\">Wi\u0119cej\u00a0informacji\u00a0na\u00a0temat\u00a0wymaganego\u00a0zdj\u0119cia\u00a0znajd\u0105\u00a0pa\u0144stwo\u00a0w\u00a0<\/span><span style=\"color: #000000;\">Rozporz\u0105dzeniu\u00a0z\u00a0dnia\u00a024\u00a0lutego\u00a02016 w\u00a0sprawie\u00a0wydawania\u00a0dokument\u00f3w\u00a0stwierdzaj\u0105cych\u00a0uprawnienia\u00a0do\u00a0kierowania\u00a0pojazdami\u00a0(Dz. U. 2016,\u00a0poz. 231)<\/span><\/p>\t\t\t\t\t\t<\/div>\n\t\t\t\t<\/div>\n\t\t\t\t\t<\/div>\n\t\t<\/div>\n\t\t\t\t\t\t\t<\/div>\n\t\t<\/section>\n\t\t\t\t<section class=\"elementor-section elementor-top-section elementor-element elementor-element-794767e elementor-section-boxed elementor-section-height-default elementor-section-height-default\" data-id=\"794767e\" data-element_type=\"section\" data-settings=\"{&quot;background_background&quot;:&quot;classic&quot;}\">\n\t\t\t\t\t\t<div class=\"elementor-container elementor-column-gap-default\">\n\t\t\t\t\t<div class=\"elementor-column elementor-col-100 elementor-top-column elementor-element elementor-element-4c9988c\" data-id=\"4c9988c\" data-element_type=\"column\">\n\t\t\t<div class=\"elementor-widget-wrap\">\n\t\t\t\t\t\t\t\t\t<\/div>\n\t\t<\/div>\n\t\t\t\t\t\t\t<\/div>\n\t\t<\/section>\n\t\t\t\t\t\t<\/div>\n\t\t\t\t\t<\/div>\n\t\t","protected":false},"excerpt":{"rendered":"<p>JAK ZAPISA\u0106 SI\u0118 NA KURS : Zgodnie z nowymi przepisami, kt\u00f3re wesz\u0142y w \u017cycie dnia\u00a019 stycznia 2013 r.\u00a0kursant przed rozpocz\u0119ciem kursu jest zobowi\u0105zany uzyska\u0107\u00a0numer\u00a0PKK. \u00a0 \u00a0W celu zdobycia tego numeru musisz uda\u0107 si\u0119 do\u00a0w\u0142a\u015bciwego dla Twojego miejsca\u00a0zameldowania, urz\u0119du\u00a0i w\u00a0wydziale komunikacji\u00a0z\u0142o\u017cy\u0107 nast\u0119puj\u0105ce dokumenty:\u00a0 dow\u00f3d osobisty lub&hellip;<\/p>\n","protected":false},"author":1,"featured_media":0,"parent":0,"menu_order":0,"comment_status":"closed","ping_status":"closed","template":"elementor_header_footer","meta":{"footnotes":""},"class_list":["post-60","page","type-page","status-publish","hentry"],"_links":{"self":[{"href":"https:\/\/www.osk-malibu.pl\/index.php?rest_route=\/wp\/v2\/pages\/60","targetHints":{"allow":["GET"]}}],"collection":[{"href":"https:\/\/www.osk-malibu.pl\/index.php?rest_route=\/wp\/v2\/pages"}],"about":[{"href":"https:\/\/www.osk-malibu.pl\/index.php?rest_route=\/wp\/v2\/types\/page"}],"author":[{"embeddable":true,"href":"https:\/\/www.osk-malibu.pl\/index.php?rest_route=\/wp\/v2\/users\/1"}],"replies":[{"embeddable":true,"href":"https:\/\/www.osk-malibu.pl\/index.php?rest_route=%2Fwp%2Fv2%2Fcomments&post=60"}],"version-history":[{"count":7,"href":"https:\/\/www.osk-malibu.pl\/index.php?rest_route=\/wp\/v2\/pages\/60\/revisions"}],"predecessor-version":[{"id":67,"href":"https:\/\/www.osk-malibu.pl\/index.php?rest_route=\/wp\/v2\/pages\/60\/revisions\/67"}],"wp:attachment":[{"href":"https:\/\/www.osk-malibu.pl\/index.php?rest_route=%2Fwp%2Fv2%2Fmedia&parent=60"}],"curies":[{"name":"wp","href":"https:\/\/api.w.org\/{rel}","templated":true}]}}