{"id":74,"date":"2023-11-18T15:37:33","date_gmt":"2023-11-18T14:37:33","guid":{"rendered":"http:\/\/www.osk-malibu.pl\/?page_id=74"},"modified":"2025-09-01T08:04:03","modified_gmt":"2025-09-01T06:04:03","slug":"kontakt","status":"publish","type":"page","link":"https:\/\/www.osk-malibu.pl\/?page_id=74","title":{"rendered":"Kontakt"},"content":{"rendered":"\t\t<div data-elementor-type=\"wp-page\" data-elementor-id=\"74\" class=\"elementor elementor-74\" data-elementor-settings=\"[]\">\n\t\t\t\t\t\t\t<div class=\"elementor-section-wrap\">\n\t\t\t\t\t\t\t<section class=\"elementor-section elementor-top-section elementor-element elementor-element-8785857 elementor-section-boxed elementor-section-height-default elementor-section-height-default\" data-id=\"8785857\" data-element_type=\"section\">\n\t\t\t\t\t\t<div class=\"elementor-container elementor-column-gap-default\">\n\t\t\t\t\t<div class=\"elementor-column elementor-col-100 elementor-top-column elementor-element elementor-element-f3be3ad\" data-id=\"f3be3ad\" data-element_type=\"column\">\n\t\t\t<div class=\"elementor-widget-wrap elementor-element-populated\">\n\t\t\t\t\t\t\t\t<div class=\"elementor-element elementor-element-06ad18e elementor-widget elementor-widget-text-editor\" data-id=\"06ad18e\" data-element_type=\"widget\" data-widget_type=\"text-editor.default\">\n\t\t\t\t<div class=\"elementor-widget-container\">\n\t\t\t\t\t\t\t\t<p><strong>05-140 Borowa G\u00f3ra ul. Dzikiej R\u00f3\u017cy 20<\/strong><\/p><p><a name=\"__DdeLink__22_2878006991\"><\/a> Tel. : 608\u00a0395\u00a0992<\/p><p>e-mail : <a href=\"mailto:osk.malibu.k.kazana@gmail.com\">osk.malibu.k.kazana@gmail.com<\/a><\/p><p><strong>punkt informacyjny i <\/strong><strong>sala wyk\u0142adowa:<br \/><\/strong><\/p><div class=\"gmail-M2Cv8e gmail-hP3ybd\"><div class=\"gmail-gqkR3b gmail-hP3ybd\">Skarbka z G\u00f3r 142B,<\/div><div class=\"gmail-gqkR3b gmail-hP3ybd\">03-287 Warszawa<\/div><\/div><p><strong>\u00a0<\/strong><\/p>\t\t\t\t\t\t<\/div>\n\t\t\t\t<\/div>\n\t\t\t\t\t<\/div>\n\t\t<\/div>\n\t\t\t\t\t\t\t<\/div>\n\t\t<\/section>\n\t\t\t\t\t\t<\/div>\n\t\t\t\t\t<\/div>\n\t\t","protected":false},"excerpt":{"rendered":"<p>05-140 Borowa G\u00f3ra ul. Dzikiej R\u00f3\u017cy 20 Tel. : 608\u00a0395\u00a0992 e-mail : osk.malibu.k.kazana@gmail.com punkt informacyjny i sala wyk\u0142adowa: Skarbka z G\u00f3r 142B,03-287 Warszawa \u00a0<\/p>\n","protected":false},"author":1,"featured_media":0,"parent":0,"menu_order":0,"comment_status":"closed","ping_status":"closed","template":"elementor_header_footer","meta":{"footnotes":""},"class_list":["post-74","page","type-page","status-publish","hentry"],"_links":{"self":[{"href":"https:\/\/www.osk-malibu.pl\/index.php?rest_route=\/wp\/v2\/pages\/74","targetHints":{"allow":["GET"]}}],"collection":[{"href":"https:\/\/www.osk-malibu.pl\/index.php?rest_route=\/wp\/v2\/pages"}],"about":[{"href":"https:\/\/www.osk-malibu.pl\/index.php?rest_route=\/wp\/v2\/types\/page"}],"author":[{"embeddable":true,"href":"https:\/\/www.osk-malibu.pl\/index.php?rest_route=\/wp\/v2\/users\/1"}],"replies":[{"embeddable":true,"href":"https:\/\/www.osk-malibu.pl\/index.php?rest_route=%2Fwp%2Fv2%2Fcomments&post=74"}],"version-history":[{"count":13,"href":"https:\/\/www.osk-malibu.pl\/index.php?rest_route=\/wp\/v2\/pages\/74\/revisions"}],"predecessor-version":[{"id":398,"href":"https:\/\/www.osk-malibu.pl\/index.php?rest_route=\/wp\/v2\/pages\/74\/revisions\/398"}],"wp:attachment":[{"href":"https:\/\/www.osk-malibu.pl\/index.php?rest_route=%2Fwp%2Fv2%2Fmedia&parent=74"}],"curies":[{"name":"wp","href":"https:\/\/api.w.org\/{rel}","templated":true}]}}